{"id":64782,"date":"2024-05-09T19:11:26","date_gmt":"2024-05-09T17:11:26","guid":{"rendered":"https:\/\/botiga.bcnoptics.com\/?post_type=product&#038;p=64782"},"modified":"2024-05-09T19:13:24","modified_gmt":"2024-05-09T17:13:24","slug":"piles-per-audiofons-w-13","status":"publish","type":"product","link":"https:\/\/botiga.bcnoptics.com\/es\/producto\/piles-per-audiofons-w-13\/","title":{"rendered":"Piles per audi\u00f2fons W 13"},"content":{"rendered":"<p>6 Piles per audi\u00f2fons WIDEX modelo 13<\/p>\n<p><span class=\"HwtZe\" lang=\"ca\"><span class=\"jCAhz ChMk0b\"><span class=\"ryNqvb\">Tots els dispositius Widex funcionen amb piles de zinc-aire.<\/span><\/span> <span class=\"jCAhz ChMk0b\"><span class=\"ryNqvb\">Les nostres piles van codificades amb un n\u00famero i un color.<\/span><\/span> <span class=\"jCAhz ChMk0b\"><span class=\"ryNqvb\">Consulta les instruccions del dispositiu per comprovar quin color necessites.<\/span><\/span><\/span><\/p>\n<p><span class=\"HwtZe\" lang=\"ca\"><span class=\"jCAhz ChMk0b\"><span class=\"ryNqvb\">Amb una pila nova, l&#8217;audi\u00f2fon funcionar\u00e0 a plena capacitat.<\/span><\/span> <span class=\"jCAhz ChMk0b\"><span class=\"ryNqvb\">Sempre \u00e9s recomanable portar amb tu una pila o dues de sobres, per si l&#8217;audi\u00f2fon comen\u00e7a a perdre pot\u00e8ncia i necessites canviar la pila.<\/span><\/span><\/span><\/p>\n","protected":false},"excerpt":{"rendered":"<p>6 Piles per audi\u00f2fons WIDEX mod. 13<\/p>\n","protected":false},"featured_media":64783,"template":"","meta":[],"product_brand":[],"product_cat":[496],"product_tag":[],"class_list":{"0":"post-64782","1":"product","2":"type-product","3":"status-publish","4":"has-post-thumbnail","6":"product_cat-piles-per-audiofons","8":"first","9":"instock","10":"sale","11":"taxable","12":"shipping-taxable","13":"purchasable","14":"product-type-simple"},"yoast_head":"<!-- This site is optimized with the Yoast SEO plugin v26.8 - https:\/\/yoast.com\/product\/yoast-seo-wordpress\/ -->\n<title>Piles per audi\u00f2fons W 13 - BCN Optics<\/title>\n<meta name=\"robots\" content=\"index, follow, max-snippet:-1, max-image-preview:large, max-video-preview:-1\" \/>\n<link rel=\"canonical\" href=\"https:\/\/botiga.bcnoptics.com\/es\/producto\/piles-per-audiofons-w-13\/\" \/>\n<meta property=\"og:locale\" content=\"es_ES\" \/>\n<meta property=\"og:type\" content=\"article\" \/>\n<meta property=\"og:title\" content=\"Piles per audi\u00f2fons W 13 - BCN Optics\" \/>\n<meta property=\"og:description\" content=\"6 Piles per audi\u00f2fons WIDEX mod. 13\" \/>\n<meta property=\"og:url\" content=\"https:\/\/botiga.bcnoptics.com\/es\/producto\/piles-per-audiofons-w-13\/\" \/>\n<meta property=\"og:site_name\" content=\"BCN Optics\" \/>\n<meta property=\"article:modified_time\" content=\"2024-05-09T17:13:24+00:00\" \/>\n<meta property=\"og:image\" content=\"https:\/\/botiga.bcnoptics.com\/wp-content\/uploads\/2024\/05\/pilas-audifono-widex-m-13.jpg\" \/>\n\t<meta property=\"og:image:width\" content=\"800\" \/>\n\t<meta property=\"og:image:height\" content=\"800\" \/>\n\t<meta property=\"og:image:type\" content=\"image\/jpeg\" \/>\n<meta name=\"twitter:card\" content=\"summary_large_image\" \/>\n<meta name=\"twitter:label1\" content=\"Tiempo de lectura\" \/>\n\t<meta name=\"twitter:data1\" content=\"1 minuto\" \/>\n<script type=\"application\/ld+json\" class=\"yoast-schema-graph\">{\"@context\":\"https:\/\/schema.org\",\"@graph\":[{\"@type\":\"WebPage\",\"@id\":\"https:\/\/botiga.bcnoptics.com\/es\/producto\/piles-per-audiofons-w-13\/\",\"url\":\"https:\/\/botiga.bcnoptics.com\/es\/producto\/piles-per-audiofons-w-13\/\",\"name\":\"Piles per audi\u00f2fons W 13 - BCN Optics\",\"isPartOf\":{\"@id\":\"https:\/\/botiga.bcnoptics.com\/es\/#website\"},\"primaryImageOfPage\":{\"@id\":\"https:\/\/botiga.bcnoptics.com\/es\/producto\/piles-per-audiofons-w-13\/#primaryimage\"},\"image\":{\"@id\":\"https:\/\/botiga.bcnoptics.com\/es\/producto\/piles-per-audiofons-w-13\/#primaryimage\"},\"thumbnailUrl\":\"https:\/\/botiga.bcnoptics.com\/wp-content\/uploads\/2024\/05\/pilas-audifono-widex-m-13.jpg\",\"datePublished\":\"2024-05-09T17:11:26+00:00\",\"dateModified\":\"2024-05-09T17:13:24+00:00\",\"breadcrumb\":{\"@id\":\"https:\/\/botiga.bcnoptics.com\/es\/producto\/piles-per-audiofons-w-13\/#breadcrumb\"},\"inLanguage\":\"es\",\"potentialAction\":[{\"@type\":\"ReadAction\",\"target\":[\"https:\/\/botiga.bcnoptics.com\/es\/producto\/piles-per-audiofons-w-13\/\"]}]},{\"@type\":\"ImageObject\",\"inLanguage\":\"es\",\"@id\":\"https:\/\/botiga.bcnoptics.com\/es\/producto\/piles-per-audiofons-w-13\/#primaryimage\",\"url\":\"https:\/\/botiga.bcnoptics.com\/wp-content\/uploads\/2024\/05\/pilas-audifono-widex-m-13.jpg\",\"contentUrl\":\"https:\/\/botiga.bcnoptics.com\/wp-content\/uploads\/2024\/05\/pilas-audifono-widex-m-13.jpg\",\"width\":800,\"height\":800,\"caption\":\"6 Piles per audi\u00f2fons WIDEX mod. 13\"},{\"@type\":\"BreadcrumbList\",\"@id\":\"https:\/\/botiga.bcnoptics.com\/es\/producto\/piles-per-audiofons-w-13\/#breadcrumb\",\"itemListElement\":[{\"@type\":\"ListItem\",\"position\":1,\"name\":\"Inici\",\"item\":\"https:\/\/botiga.bcnoptics.com\/es\/tienda\/\"},{\"@type\":\"ListItem\",\"position\":2,\"name\":\"Tienda\",\"item\":\"https:\/\/botiga.bcnoptics.com\/es\/tienda\/\"},{\"@type\":\"ListItem\",\"position\":3,\"name\":\"Piles per audi\u00f2fons W 13\"}]},{\"@type\":\"WebSite\",\"@id\":\"https:\/\/botiga.bcnoptics.com\/es\/#website\",\"url\":\"https:\/\/botiga.bcnoptics.com\/es\/\",\"name\":\"BCN Optics botiga\",\"description\":\"La botiga de BCN \u00d2ptics\",\"publisher\":{\"@id\":\"https:\/\/botiga.bcnoptics.com\/es\/#organization\"},\"alternateName\":\"Botiga de BCN \u00d2ptics\",\"potentialAction\":[{\"@type\":\"SearchAction\",\"target\":{\"@type\":\"EntryPoint\",\"urlTemplate\":\"https:\/\/botiga.bcnoptics.com\/es\/?s={search_term_string}\"},\"query-input\":{\"@type\":\"PropertyValueSpecification\",\"valueRequired\":true,\"valueName\":\"search_term_string\"}}],\"inLanguage\":\"es\"},{\"@type\":\"Organization\",\"@id\":\"https:\/\/botiga.bcnoptics.com\/es\/#organization\",\"name\":\"BCN \u00d2ptics botiga\",\"url\":\"https:\/\/botiga.bcnoptics.com\/es\/\",\"logo\":{\"@type\":\"ImageObject\",\"inLanguage\":\"es\",\"@id\":\"https:\/\/botiga.bcnoptics.com\/es\/#\/schema\/logo\/image\/\",\"url\":\"https:\/\/botiga.bcnoptics.com\/wp-content\/uploads\/2024\/10\/bcn-logo.jpg\",\"contentUrl\":\"https:\/\/botiga.bcnoptics.com\/wp-content\/uploads\/2024\/10\/bcn-logo.jpg\",\"width\":512,\"height\":512,\"caption\":\"BCN \u00d2ptics botiga\"},\"image\":{\"@id\":\"https:\/\/botiga.bcnoptics.com\/es\/#\/schema\/logo\/image\/\"}}]}<\/script>\n<!-- \/ Yoast SEO plugin. -->","yoast_head_json":{"title":"Piles per audi\u00f2fons W 13 - BCN Optics","robots":{"index":"index","follow":"follow","max-snippet":"max-snippet:-1","max-image-preview":"max-image-preview:large","max-video-preview":"max-video-preview:-1"},"canonical":"https:\/\/botiga.bcnoptics.com\/es\/producto\/piles-per-audiofons-w-13\/","og_locale":"es_ES","og_type":"article","og_title":"Piles per audi\u00f2fons W 13 - BCN Optics","og_description":"6 Piles per audi\u00f2fons WIDEX mod. 13","og_url":"https:\/\/botiga.bcnoptics.com\/es\/producto\/piles-per-audiofons-w-13\/","og_site_name":"BCN Optics","article_modified_time":"2024-05-09T17:13:24+00:00","og_image":[{"width":800,"height":800,"url":"https:\/\/botiga.bcnoptics.com\/wp-content\/uploads\/2024\/05\/pilas-audifono-widex-m-13.jpg","type":"image\/jpeg"}],"twitter_card":"summary_large_image","twitter_misc":{"Tiempo de lectura":"1 minuto"},"schema":{"@context":"https:\/\/schema.org","@graph":[{"@type":"WebPage","@id":"https:\/\/botiga.bcnoptics.com\/es\/producto\/piles-per-audiofons-w-13\/","url":"https:\/\/botiga.bcnoptics.com\/es\/producto\/piles-per-audiofons-w-13\/","name":"Piles per audi\u00f2fons W 13 - BCN Optics","isPartOf":{"@id":"https:\/\/botiga.bcnoptics.com\/es\/#website"},"primaryImageOfPage":{"@id":"https:\/\/botiga.bcnoptics.com\/es\/producto\/piles-per-audiofons-w-13\/#primaryimage"},"image":{"@id":"https:\/\/botiga.bcnoptics.com\/es\/producto\/piles-per-audiofons-w-13\/#primaryimage"},"thumbnailUrl":"https:\/\/botiga.bcnoptics.com\/wp-content\/uploads\/2024\/05\/pilas-audifono-widex-m-13.jpg","datePublished":"2024-05-09T17:11:26+00:00","dateModified":"2024-05-09T17:13:24+00:00","breadcrumb":{"@id":"https:\/\/botiga.bcnoptics.com\/es\/producto\/piles-per-audiofons-w-13\/#breadcrumb"},"inLanguage":"es","potentialAction":[{"@type":"ReadAction","target":["https:\/\/botiga.bcnoptics.com\/es\/producto\/piles-per-audiofons-w-13\/"]}]},{"@type":"ImageObject","inLanguage":"es","@id":"https:\/\/botiga.bcnoptics.com\/es\/producto\/piles-per-audiofons-w-13\/#primaryimage","url":"https:\/\/botiga.bcnoptics.com\/wp-content\/uploads\/2024\/05\/pilas-audifono-widex-m-13.jpg","contentUrl":"https:\/\/botiga.bcnoptics.com\/wp-content\/uploads\/2024\/05\/pilas-audifono-widex-m-13.jpg","width":800,"height":800,"caption":"6 Piles per audi\u00f2fons WIDEX mod. 13"},{"@type":"BreadcrumbList","@id":"https:\/\/botiga.bcnoptics.com\/es\/producto\/piles-per-audiofons-w-13\/#breadcrumb","itemListElement":[{"@type":"ListItem","position":1,"name":"Inici","item":"https:\/\/botiga.bcnoptics.com\/es\/tienda\/"},{"@type":"ListItem","position":2,"name":"Tienda","item":"https:\/\/botiga.bcnoptics.com\/es\/tienda\/"},{"@type":"ListItem","position":3,"name":"Piles per audi\u00f2fons W 13"}]},{"@type":"WebSite","@id":"https:\/\/botiga.bcnoptics.com\/es\/#website","url":"https:\/\/botiga.bcnoptics.com\/es\/","name":"BCN Optics botiga","description":"La botiga de BCN \u00d2ptics","publisher":{"@id":"https:\/\/botiga.bcnoptics.com\/es\/#organization"},"alternateName":"Botiga de BCN \u00d2ptics","potentialAction":[{"@type":"SearchAction","target":{"@type":"EntryPoint","urlTemplate":"https:\/\/botiga.bcnoptics.com\/es\/?s={search_term_string}"},"query-input":{"@type":"PropertyValueSpecification","valueRequired":true,"valueName":"search_term_string"}}],"inLanguage":"es"},{"@type":"Organization","@id":"https:\/\/botiga.bcnoptics.com\/es\/#organization","name":"BCN \u00d2ptics botiga","url":"https:\/\/botiga.bcnoptics.com\/es\/","logo":{"@type":"ImageObject","inLanguage":"es","@id":"https:\/\/botiga.bcnoptics.com\/es\/#\/schema\/logo\/image\/","url":"https:\/\/botiga.bcnoptics.com\/wp-content\/uploads\/2024\/10\/bcn-logo.jpg","contentUrl":"https:\/\/botiga.bcnoptics.com\/wp-content\/uploads\/2024\/10\/bcn-logo.jpg","width":512,"height":512,"caption":"BCN \u00d2ptics botiga"},"image":{"@id":"https:\/\/botiga.bcnoptics.com\/es\/#\/schema\/logo\/image\/"}}]}},"_links":{"self":[{"href":"https:\/\/botiga.bcnoptics.com\/es\/wp-json\/wp\/v2\/product\/64782","targetHints":{"allow":["GET"]}}],"collection":[{"href":"https:\/\/botiga.bcnoptics.com\/es\/wp-json\/wp\/v2\/product"}],"about":[{"href":"https:\/\/botiga.bcnoptics.com\/es\/wp-json\/wp\/v2\/types\/product"}],"version-history":[{"count":0,"href":"https:\/\/botiga.bcnoptics.com\/es\/wp-json\/wp\/v2\/product\/64782\/revisions"}],"wp:featuredmedia":[{"embeddable":true,"href":"https:\/\/botiga.bcnoptics.com\/es\/wp-json\/wp\/v2\/media\/64783"}],"wp:attachment":[{"href":"https:\/\/botiga.bcnoptics.com\/es\/wp-json\/wp\/v2\/media?parent=64782"}],"wp:term":[{"taxonomy":"product_brand","embeddable":true,"href":"https:\/\/botiga.bcnoptics.com\/es\/wp-json\/wp\/v2\/product_brand?post=64782"},{"taxonomy":"product_cat","embeddable":true,"href":"https:\/\/botiga.bcnoptics.com\/es\/wp-json\/wp\/v2\/product_cat?post=64782"},{"taxonomy":"product_tag","embeddable":true,"href":"https:\/\/botiga.bcnoptics.com\/es\/wp-json\/wp\/v2\/product_tag?post=64782"}],"curies":[{"name":"wp","href":"https:\/\/api.w.org\/{rel}","templated":true}]}}